{"id":2,"date":"2025-01-25T19:35:38","date_gmt":"2025-01-25T19:35:38","guid":{"rendered":"http:\/\/top-bewertet.de\/reisen\/?page_id=2"},"modified":"2025-01-25T23:17:49","modified_gmt":"2025-01-25T22:17:49","slug":"sample-page","status":"publish","type":"page","link":"https:\/\/top-bewertet.de\/reisen\/sample-page\/","title":{"rendered":"Hotelbeschreibung Sueno Hotels Side Beach"},"content":{"rendered":"\n<p><\/p>\n\n\n\n<div class=\"wp-block-columns alignwide are-vertically-aligned-center is-style-section-3 is-layout-flex wp-container-core-columns-is-layout-28f84493 wp-block-columns-is-layout-flex\">\n<div class=\"wp-block-column is-vertically-aligned-center is-layout-flow wp-block-column-is-layout-flow\" style=\"flex-basis:100%\">\n<details class=\"wp-block-details is-layout-flow wp-block-details-is-layout-flow\"><summary><\/summary>\n<figure style=\"width: 958px\" class=\"wp-caption alignnone\"><a href=\"www.test.de\"><img loading=\"lazy\" decoding=\"async\" class=\"\" src=\"https:\/\/ctsassets2.check24.de\/di=3\/nfc=999\/source=aHR0cHM6Ly9jaXMuZnRpLWdyb3VwLmNvbS9pbWFnZXMvMzY2OTI5OC5qcGc=!a2369d\/picture.jpg?cts_p=PR&amp;cts_do=desktop\" alt=\"Sueno Beach Hotel Side: Sandstrand mit Steg, im Hintergrund Lunapark mit Riesenrad und Achterbahn, Fussballpl\u00e4tze des Hotels sowie die Hotelgeb\u00e4ude\" width=\"958\" height=\"619\" \/><\/a><figcaption class=\"wp-caption-text\">Sueno Beach Hotel Side: Sandstrand mit Steg, im Hintergrund Lunapark mit Riesenrad und Achterbahn, Fussballpl\u00e4tze des Hotels sowie die Hotelgeb\u00e4ude<\/figcaption><\/figure>\n<\/details>\n<\/div>\n<\/div>\n\n\n\n<p>In dieser stilvollen Anlage finden Urlauber eine umfangreiche Ausstattung sowie ein vielf\u00e4ltiges Unterhaltungsangebot. Eine riesige Poollandschaft sorgt f\u00fcr Erfrischung unter der warmen Sonne in Side. Kinder erwartet ein eigenes Becken mit farbenfrohen Wasserrutschen, au\u00dferdem werden sie im Mini-Club umfassend betreut. W\u00e4hrend die Kleinen in guten H\u00e4nden sind, entspannen sich Erwachsene derweil am Sandstrand des Hotels oder \u2013 das Highlight \u2013 auf dem ausgedehnten, bl\u00fctenf\u00f6rmigen Pier, der ins Mittelmeer hineinragt. Eine integrierte Bar serviert k\u00fchle Cocktails. Entspannung garantiert zudem das Spa mit wohltuenden Behandlungen wie Massagen, Dampfbad und mehr. Den Magen verw\u00f6hnen 7 geschmackvolle Restaurants, die Urlauber auf eine kulinarische Reise durch mehrere L\u00e4nder schicken, darunter etwa die T\u00fcrkei, Italien und Mexiko.<\/p>\n\n\n\n<a href=\"https:\/\/a.check24.net\/misc\/click.php?aid=18&amp;pid=63225&amp;target_url=https%3A%2F%2Fwww.check24.net%2Fpauschalreisen-vergleich%2F%3Fc24pp_departure_date%3D2024-03-01%26c24pp_return_date%3D2026-02-27%26c24pp_travel_duration%3D2w%26c24pp_airport%3DCGN%252CDTM%252CDUS%252CFMO%252CFRA%252CHHN%252CKSF%252CNRN%252CPAD%252CSCN%252CZQW%26c24pp_region_id%3D586%26c24pp_adult%3D2%26c24pp_childrenCount%3D0%26c24pp_children_0%255Bage%255D%3D-%26c24pp_children_1%255Bage%255D%3D-%26c24pp_children_2%255Bage%255D%3D-%26c24pp_children_3%255Bage%255D%3D-%26pid%3D63225%23%2Fsuche%2Fhotel%3Ftid2%3D15%26tid1%3DThailand%252520Chatbotlink%26departureDate%3D2024-03-01%26returnDate%3D2026-02-27%26days%3D2w%26airport%3DCGN%25252CDTM%25252CDUS%25252CFMO%25252CFRA%25252CHHN%25252CKSF%25252CNRN%25252CPAD%25252CSCN%25252CZQW%26regionId%3D586%26sorting%3DcategoryDistribution%26order%3Dasc%26kopa%3D6%26tid5%3D63225%26roomAllocation%3DA-A\">Link zum Buchen bei check24.de<\/a>\n\n\n\n<script src=\"https:\/\/www.gstatic.com\/dialogflow-console\/fast\/messenger\/bootstrap.js?v=1\"><\/script>\n<df-messenger\n  intent=\"WELCOME\"\n  chat-title=\"Test\"\n  agent-id=\"db70b751-38bd-4f3f-bc48-3ec30e4239aa\"\n  language-code=\"de\"\n><\/df-messenger>\n\n\n\n<div class=\"hotel\" data-city=\"Side\" data-name=\"Hotel A\">\n  <h2>Hotel A<\/h2>\n  <p>Hotel A ist ein 5-Sterne-Hotel mit Pool.<\/p>\n  <p>Preis: 100\u20ac pro Nacht<\/p>\n<\/div>\n\n<div class=\"hotel\" data-city=\"Side\" data-name=\"Hotel B\">\n  <h2>Hotel B<\/h2>\n  <p>Hotel B hat direkten Strandzugang.<\/p>\n  <p>Preis: 150\u20ac pro Nacht<\/p>\n<\/div>\n\n<div class=\"hotel\" data-city=\"Antalya\" data-name=\"Hotel C\">\n  <h2>Hotel C<\/h2>\n  <p>Hotel C ist ein Familienhotel in Antalya.<\/p>\n  <p>Preis: 80\u20ac pro Nacht<\/p>\n<\/div>\n","protected":false},"excerpt":{"rendered":"<p>In dieser stilvollen Anlage finden Urlauber eine umfangreiche Ausstattung sowie ein vielf\u00e4ltiges Unterhaltungsangebot. Eine riesige Poollandschaft sorgt f\u00fcr Erfrischung unter der warmen Sonne in Side. Kinder erwartet ein eigenes Becken mit farbenfrohen Wasserrutschen, au\u00dferdem werden sie im Mini-Club umfassend betreut. W\u00e4hrend die Kleinen in guten H\u00e4nden sind, entspannen sich Erwachsene derweil am Sandstrand des Hotels [&hellip;]<\/p>\n","protected":false},"author":1,"featured_media":0,"parent":0,"menu_order":0,"comment_status":"closed","ping_status":"open","template":"","meta":{"footnotes":""},"class_list":["post-2","page","type-page","status-publish","hentry"],"_links":{"self":[{"href":"https:\/\/top-bewertet.de\/reisen\/wp-json\/wp\/v2\/pages\/2","targetHints":{"allow":["GET"]}}],"collection":[{"href":"https:\/\/top-bewertet.de\/reisen\/wp-json\/wp\/v2\/pages"}],"about":[{"href":"https:\/\/top-bewertet.de\/reisen\/wp-json\/wp\/v2\/types\/page"}],"author":[{"embeddable":true,"href":"https:\/\/top-bewertet.de\/reisen\/wp-json\/wp\/v2\/users\/1"}],"replies":[{"embeddable":true,"href":"https:\/\/top-bewertet.de\/reisen\/wp-json\/wp\/v2\/comments?post=2"}],"version-history":[{"count":5,"href":"https:\/\/top-bewertet.de\/reisen\/wp-json\/wp\/v2\/pages\/2\/revisions"}],"predecessor-version":[{"id":13,"href":"https:\/\/top-bewertet.de\/reisen\/wp-json\/wp\/v2\/pages\/2\/revisions\/13"}],"wp:attachment":[{"href":"https:\/\/top-bewertet.de\/reisen\/wp-json\/wp\/v2\/media?parent=2"}],"curies":[{"name":"wp","href":"https:\/\/api.w.org\/{rel}","templated":true}]}}